{"id":12,"date":"2014-09-25T17:32:52","date_gmt":"2014-09-25T16:32:52","guid":{"rendered":"http:\/\/ehpad-sacre-coeur.com\/?page_id=12"},"modified":"2015-10-08T18:54:43","modified_gmt":"2015-10-08T17:54:43","slug":"la-vie-sociale","status":"publish","type":"page","link":"https:\/\/ehpad-sacre-coeur.com\/?page_id=12","title":{"rendered":"La vie sociale"},"content":{"rendered":"<p><strong>LA VIE SOCIALE<\/strong><\/p>\n<p><strong>C\u00e9l\u00e9brations religieuses<\/strong> <\/p>\n<p>&#8211;\tLe vendredi : Messe dans la salle d\u2019animation<br \/>\n&#8211;\tCulte protestant le 1er lundi du mois<br \/>\n&#8211;\tChapelet le lundi<br \/>\n&#8211;\tC\u00e9l\u00e9bration de l\u2019onction des malades : 1 fois par an<br \/>\n&#8211;\tC\u00e9l\u00e9bration \u0153cum\u00e9nique pendant la semaine de l\u2019Unit\u00e9<\/p>\n<p><strong>Conseil de la vie social<\/strong><\/p>\n<p>Le Conseil de la Vie Sociale est une instance d\u2019expression des r\u00e9sidents et de leurs familles.<br \/>\nIl s\u2019agit d\u2019un organisme consultatif sur toutes les questions relatives \u00e0 la vie dans l\u2019\u00e9tablissement.<br \/>\nLe Conseil de la Vie Sociale se r\u00e9unit au moins trois fois par an.<\/p>\n<p><strong>L\u2019Animation <\/strong><\/p>\n<p>L\u2019animation est une composante indispensable et incontournable de la vie en r\u00e9sidence. Elle permet de donner une \u00e2me \u00e0 l\u2019\u00e9tablissement, de cr\u00e9er une dynamique reposant sur la valorisation des gestes quotidiens, en conservant une identit\u00e9 individuelle, collective et sociale.<br \/>\nLes activit\u00e9s d\u2019animation doivent concourir \u00e0 3 objectifs souvent imbriqu\u00e9s :<br \/>\n\u2022\tOccupationnel : \u00e9viter l\u2019ennui, notion de loisir, de plaisir.<br \/>\n\u2022\tRelationnel : ouvrir sur l\u2019ext\u00e9rieur afin que les personnes \u00e2g\u00e9es se sentent plus int\u00e9gr\u00e9es dans la vie sociale, et contribuer \u00e0 maintenir et \u00e0 d\u00e9velopper leurs capacit\u00e9s d\u2019\u00e9changes.<br \/>\n\u2022\tTh\u00e9rapeutique : pr\u00e9server le plus possible l\u2019autonomie en stimulant les fonctions restantes et\/ou en aidant \u00e0 r\u00e9cup\u00e9rer certaines fonctions d\u00e9ficientes.<br \/>\nLa responsable et coordinatrice de l\u2019animation, Mme Claudine PETERS  permet de faire le lien entre les familles, les r\u00e9sidents, les b\u00e9n\u00e9voles, les intervenants ext\u00e9rieurs et les diff\u00e9rents services. Elle est second\u00e9e par une animatrice \u00e0 temps partiel.<\/p>\n<p><a href=\"http:\/\/ehpad-sacre-coeur.com\/wp-content\/uploads\/2014\/09\/ok_ANIMATION-MUSICALE-LE-24-MAI-2014-024.jpg\"><img loading=\"lazy\" decoding=\"async\" src=\"http:\/\/ehpad-sacre-coeur.com\/wp-content\/uploads\/2014\/09\/ok_ANIMATION-MUSICALE-LE-24-MAI-2014-024-1024x603.jpg\" alt=\"ok_ANIMATION MUSICALE LE 24 MAI 2014 024\" width=\"640\" height=\"377\" class=\"alignnone size-large wp-image-55\" srcset=\"https:\/\/ehpad-sacre-coeur.com\/wp-content\/uploads\/2014\/09\/ok_ANIMATION-MUSICALE-LE-24-MAI-2014-024-1024x603.jpg 1024w, https:\/\/ehpad-sacre-coeur.com\/wp-content\/uploads\/2014\/09\/ok_ANIMATION-MUSICALE-LE-24-MAI-2014-024-300x177.jpg 300w\" sizes=\"(max-width: 640px) 100vw, 640px\" \/><\/a><\/p>\n<p>Les animatrices soutenues par les b\u00e9n\u00e9voles, vous offrent un \u00e9ventail d\u2019animations aussi bien culturelles, interg\u00e9n\u00e9rationnelles, r\u00e9cr\u00e9atives, th\u00e9rapeutiques ou liturgiques.<br \/>\nLes familles et amis des r\u00e9sidents peuvent, s\u2019ils le souhaitent, participer aux activit\u00e9s.<\/p>\n<p>Un planning hebdomadaire des animations est affich\u00e9 dans chaque service.<\/p>\n<p>Quelques exemples d\u2019animation au sein de l\u2019\u00e9tablissement<br \/>\n:<br \/>\n&#8211;\tAtelier p\u00e2tisserie<br \/>\n&#8211;\tLecture<br \/>\n&#8211;\tAtelier m\u00e9moire<br \/>\n&#8211;\tChorale, musicoth\u00e9rapie<br \/>\n&#8211;\tAnimation physique (Association Siel Bleu)<br \/>\n&#8211;\tTravaux manuels avec les b\u00e9n\u00e9voles<br \/>\n&#8211;\tVisites des b\u00e9n\u00e9voles de St-Vincent \u2013de-Paul<br \/>\n&#8211;\tMesse, chapelet<br \/>\n&#8211;\tAtelier de modelage<br \/>\n&#8211;\tProjection de films ou documentaire<br \/>\n&#8211;\tAnimation musicale<br \/>\n&#8211;\tRencontres interg\u00e9n\u00e9rationnelles avec les enfants des \u00e9coles<br \/>\n&#8211;\tRencontres avec les r\u00e9sidents d\u2019autres maisons de retraite Alsaciennes et transfrontali\u00e8res<br \/>\n&#8211;\tM\u00e9diation animale : lapins, chats, chinchillas, hamsters\u2026<br \/>\n&#8211;\tJeux divers : cartes, scrables\u2026<br \/>\n&#8211;\tSorties diverses : Visites de Mus\u00e9e, fermes, houblonni\u00e8re\u2026<\/p>\n<p>Chaque r\u00e9sident a le libre choix de ses activit\u00e9s, et de sa participation aux animations. Le droit \u00e0 l\u2019inactivit\u00e9 est \u00e9galement respect\u00e9.<\/p>\n<p><a href=\"http:\/\/ehpad-sacre-coeur.com\/wp-content\/uploads\/2014\/09\/ok_MEDIATION-ANIMALE-A-L-UVP-LE-10-FEVRIER-2014-003.jpg\"><img loading=\"lazy\" decoding=\"async\" src=\"http:\/\/ehpad-sacre-coeur.com\/wp-content\/uploads\/2014\/09\/ok_MEDIATION-ANIMALE-A-L-UVP-LE-10-FEVRIER-2014-003-1024x626.jpg\" alt=\"ok_MEDIATION ANIMALE A L UVP LE 10 FEVRIER 2014 003\" width=\"640\" height=\"391\" class=\"alignnone size-large wp-image-59\" srcset=\"https:\/\/ehpad-sacre-coeur.com\/wp-content\/uploads\/2014\/09\/ok_MEDIATION-ANIMALE-A-L-UVP-LE-10-FEVRIER-2014-003-1024x626.jpg 1024w, https:\/\/ehpad-sacre-coeur.com\/wp-content\/uploads\/2014\/09\/ok_MEDIATION-ANIMALE-A-L-UVP-LE-10-FEVRIER-2014-003-300x183.jpg 300w\" sizes=\"(max-width: 640px) 100vw, 640px\" \/><\/a><\/p>\n<p><strong>Les visites et sorties<\/strong><\/p>\n<p>Les visites sont possibles aux heures qui vous conviennent \u00e0 condition de ne g\u00eaner, ni le service, ni les autres r\u00e9sidents.<br \/>\nSi votre \u00e9tat de sant\u00e9 le permet, vous pouvez sortir \u00e0 votre convenance tous les jours \u00e0 condition d\u2019en informer le personnel de l\u2019\u00e9tablissement de mani\u00e8re \u00e0 \u00e9viter inqui\u00e9tudes et recherches.<br \/>\nSi le r\u00e9sident le souhaite ou si la famille le demande, nous honorons les r\u00e9sidents qui f\u00eatent leur \u00ab Grand \u00bb anniversaire. Une salle peut \u00eatre mise \u00e0 votre disposition pour f\u00eater vos anniversaires.<\/p>\n<p><strong>La mini-ferme <\/strong><\/p>\n<p>Dans le parc de la Maison de Retraite vous pouvez rendre visite aux animaux de la mini-ferme. Notre objectif est d\u2019apporter sourires et bonne humeur. Les animaux favorisent le lien social et l\u2019ouverture de l\u2019\u00e9tablissement vers l\u2019ext\u00e9rieur et notamment un \u00e9change interg\u00e9n\u00e9rationnel avec les enfants des familles, des visiteurs et de la commune.<\/p>\n<p><a href=\"http:\/\/ehpad-sacre-coeur.com\/wp-content\/uploads\/2014\/09\/ok_ANIMAUX-EXTERIEUR-015.jpg\"><img loading=\"lazy\" decoding=\"async\" src=\"http:\/\/ehpad-sacre-coeur.com\/wp-content\/uploads\/2014\/09\/ok_ANIMAUX-EXTERIEUR-015-1024x784.jpg\" alt=\"ok_ANIMAUX + EXTERIEUR 015\" width=\"640\" height=\"490\" class=\"alignnone size-large wp-image-61\" srcset=\"https:\/\/ehpad-sacre-coeur.com\/wp-content\/uploads\/2014\/09\/ok_ANIMAUX-EXTERIEUR-015-1024x784.jpg 1024w, https:\/\/ehpad-sacre-coeur.com\/wp-content\/uploads\/2014\/09\/ok_ANIMAUX-EXTERIEUR-015-300x230.jpg 300w\" sizes=\"(max-width: 640px) 100vw, 640px\" \/><\/a><\/p>\n<p><a href=\"http:\/\/ehpad-sacre-coeur.com\/wp-content\/uploads\/2014\/09\/ok_ANIMAUX-EXTERIEUR-017.jpg\"><img loading=\"lazy\" decoding=\"async\" src=\"http:\/\/ehpad-sacre-coeur.com\/wp-content\/uploads\/2014\/09\/ok_ANIMAUX-EXTERIEUR-017-1024x399.jpg\" alt=\"ok_ANIMAUX + EXTERIEUR 017\" width=\"640\" height=\"249\" class=\"alignnone size-large wp-image-53\" srcset=\"https:\/\/ehpad-sacre-coeur.com\/wp-content\/uploads\/2014\/09\/ok_ANIMAUX-EXTERIEUR-017-1024x399.jpg 1024w, https:\/\/ehpad-sacre-coeur.com\/wp-content\/uploads\/2014\/09\/ok_ANIMAUX-EXTERIEUR-017-300x117.jpg 300w\" sizes=\"(max-width: 640px) 100vw, 640px\" \/><\/a><\/p>\n<p><strong>LES BENEVOLES<\/strong><\/p>\n<p>Un groupe de b\u00e9n\u00e9voles intervient tous les mercredis apr\u00e8s-midi, l\u2019association de b\u00e9n\u00e9voles Saint Vincent de Paul intervient tous les jeudis apr\u00e8s-midi. Une b\u00e9n\u00e9vole propose la lecture du journal plusieurs fois par semaine, certains b\u00e9n\u00e9voles accompagnent les vendredis apr\u00e8s-midi les r\u00e9sidents  \u00e0 la messe. Ils sont \u00e9galement pr\u00e9sents lors des diverses manifestations (le march\u00e9 de No\u00ebl,  les diff\u00e9rentes f\u00eates de la Maison\u2026).<\/p>\n<p><a href=\"http:\/\/ehpad-sacre-coeur.com\/wp-content\/uploads\/2014\/09\/ok_BIBLIO-POULAILLER-ROSERAI-ALEXIS-5-6-2014-039.jpg\"><img loading=\"lazy\" decoding=\"async\" src=\"http:\/\/ehpad-sacre-coeur.com\/wp-content\/uploads\/2014\/09\/ok_BIBLIO-POULAILLER-ROSERAI-ALEXIS-5-6-2014-039-1024x684.jpg\" alt=\"ok_BIBLIO POULAILLER ROSERAI ALEXIS 5 6 2014 039\" width=\"640\" height=\"428\" class=\"alignnone size-large wp-image-58\" srcset=\"https:\/\/ehpad-sacre-coeur.com\/wp-content\/uploads\/2014\/09\/ok_BIBLIO-POULAILLER-ROSERAI-ALEXIS-5-6-2014-039-1024x684.jpg 1024w, https:\/\/ehpad-sacre-coeur.com\/wp-content\/uploads\/2014\/09\/ok_BIBLIO-POULAILLER-ROSERAI-ALEXIS-5-6-2014-039-300x200.jpg 300w\" sizes=\"(max-width: 640px) 100vw, 640px\" \/><\/a><\/p>\n","protected":false},"excerpt":{"rendered":"<p>LA VIE SOCIALE C\u00e9l\u00e9brations religieuses &#8211; Le vendredi : Messe dans la salle d\u2019animation &#8211; Culte protestant le 1er lundi du mois &#8211; Chapelet le lundi &#8211; C\u00e9l\u00e9bration de l\u2019onction des malades : 1 fois par an &#8211; C\u00e9l\u00e9bration \u0153cum\u00e9nique pendant la semaine de l\u2019Unit\u00e9 Conseil de la vie social Le Conseil de la Vie [&hellip;]<\/p>\n","protected":false},"author":1,"featured_media":0,"parent":0,"menu_order":40,"comment_status":"closed","ping_status":"open","template":"","meta":{"footnotes":""},"class_list":["post-12","page","type-page","status-publish","hentry"],"_links":{"self":[{"href":"https:\/\/ehpad-sacre-coeur.com\/index.php?rest_route=\/wp\/v2\/pages\/12"}],"collection":[{"href":"https:\/\/ehpad-sacre-coeur.com\/index.php?rest_route=\/wp\/v2\/pages"}],"about":[{"href":"https:\/\/ehpad-sacre-coeur.com\/index.php?rest_route=\/wp\/v2\/types\/page"}],"author":[{"embeddable":true,"href":"https:\/\/ehpad-sacre-coeur.com\/index.php?rest_route=\/wp\/v2\/users\/1"}],"replies":[{"embeddable":true,"href":"https:\/\/ehpad-sacre-coeur.com\/index.php?rest_route=%2Fwp%2Fv2%2Fcomments&post=12"}],"version-history":[{"count":8,"href":"https:\/\/ehpad-sacre-coeur.com\/index.php?rest_route=\/wp\/v2\/pages\/12\/revisions"}],"predecessor-version":[{"id":62,"href":"https:\/\/ehpad-sacre-coeur.com\/index.php?rest_route=\/wp\/v2\/pages\/12\/revisions\/62"}],"wp:attachment":[{"href":"https:\/\/ehpad-sacre-coeur.com\/index.php?rest_route=%2Fwp%2Fv2%2Fmedia&parent=12"}],"curies":[{"name":"wp","href":"https:\/\/api.w.org\/{rel}","templated":true}]}}